{"id":1498,"date":"2026-04-03T21:53:35","date_gmt":"2026-04-03T19:53:35","guid":{"rendered":"https:\/\/www.3d-druck-erzgebirge.de\/?page_id=1498"},"modified":"2026-04-05T11:54:15","modified_gmt":"2026-04-05T09:54:15","slug":"download","status":"publish","type":"page","link":"https:\/\/www.3d-druck-erzgebirge.de\/?page_id=1498","title":{"rendered":"Download"},"content":{"rendered":"\n<p>Hier befinden sie sich in unserem Downloadbereich. Hier werden immer wieder n\u00fctzliche und hilfreiche  Dinge ver\u00f6ffentlicht, welche sie sich kostenfrei downloaden k\u00f6nnen.<\/p>\n\n\n\n<div class=\"wp-block-media-text is-stacked-on-mobile\" style=\"grid-template-columns:24% auto\"><figure class=\"wp-block-media-text__media\"><a href=\"https:\/\/www.3d-druck-erzgebirge.de\/wp-content\/uploads\/sites\/3\/2026\/04\/3d-Druck-Material.jpeg\"><img loading=\"lazy\" decoding=\"async\" width=\"611\" height=\"1024\" src=\"https:\/\/www.3d-druck-erzgebirge.de\/wp-content\/uploads\/sites\/3\/2026\/04\/3d-Druck-Material-611x1024.jpeg\" alt=\"\" class=\"wp-image-1516 size-large\" srcset=\"https:\/\/www.3d-druck-erzgebirge.de\/wp-content\/uploads\/sites\/3\/2026\/04\/3d-Druck-Material-611x1024.jpeg 611w, https:\/\/www.3d-druck-erzgebirge.de\/wp-content\/uploads\/sites\/3\/2026\/04\/3d-Druck-Material-179x300.jpeg 179w, https:\/\/www.3d-druck-erzgebirge.de\/wp-content\/uploads\/sites\/3\/2026\/04\/3d-Druck-Material-768x1286.jpeg 768w, https:\/\/www.3d-druck-erzgebirge.de\/wp-content\/uploads\/sites\/3\/2026\/04\/3d-Druck-Material-600x1005.jpeg 600w, https:\/\/www.3d-druck-erzgebirge.de\/wp-content\/uploads\/sites\/3\/2026\/04\/3d-Druck-Material.jpeg 800w\" sizes=\"auto, (max-width: 611px) 100vw, 611px\" \/><\/a><\/figure><div class=\"wp-block-media-text__content\">\n<p>Dies ist eine \u00dcbersicht \u00fcber die g\u00e4ngigsten 3D-Druckmaterialen. Die Aufz\u00e4hlung ist nicht abschlie\u00dfend. Au\u00dferdem sollten f\u00fcr jedes Filament immer die Herstellervorgaben beachtet werden.<\/p>\n<\/div><\/div>\n\n\n\n<div class=\"wp-block-media-text is-stacked-on-mobile\" style=\"grid-template-columns:24% auto\"><figure class=\"wp-block-media-text__media\"><a href=\"https:\/\/www.3d-druck-erzgebirge.de\/wp-content\/uploads\/sites\/3\/2026\/04\/3D-Druck-Einstellungen.jpeg\"><img loading=\"lazy\" decoding=\"async\" width=\"687\" height=\"1024\" src=\"https:\/\/www.3d-druck-erzgebirge.de\/wp-content\/uploads\/sites\/3\/2026\/04\/3D-Druck-Einstellungen-687x1024.jpeg\" alt=\"\" class=\"wp-image-1514 size-full\" srcset=\"https:\/\/www.3d-druck-erzgebirge.de\/wp-content\/uploads\/sites\/3\/2026\/04\/3D-Druck-Einstellungen-687x1024.jpeg 687w, https:\/\/www.3d-druck-erzgebirge.de\/wp-content\/uploads\/sites\/3\/2026\/04\/3D-Druck-Einstellungen-201x300.jpeg 201w, https:\/\/www.3d-druck-erzgebirge.de\/wp-content\/uploads\/sites\/3\/2026\/04\/3D-Druck-Einstellungen-768x1145.jpeg 768w, https:\/\/www.3d-druck-erzgebirge.de\/wp-content\/uploads\/sites\/3\/2026\/04\/3D-Druck-Einstellungen-600x894.jpeg 600w, https:\/\/www.3d-druck-erzgebirge.de\/wp-content\/uploads\/sites\/3\/2026\/04\/3D-Druck-Einstellungen.jpeg 848w\" sizes=\"auto, (max-width: 687px) 100vw, 687px\" \/><\/a><\/figure><div class=\"wp-block-media-text__content\">\n<p>Die \u00dcbersicht zeigt die grundlegendsten Slicereinstellungen und erkl\u00e4rt die Zusammenh\u00e4nge zwischen den verschiedenen M\u00f6glichkeiten.<\/p>\n<\/div><\/div>\n\n\n\n<div class=\"wp-block-media-text is-stacked-on-mobile\" style=\"grid-template-columns:24% auto\"><figure class=\"wp-block-media-text__media\"><a href=\"https:\/\/www.3d-druck-erzgebirge.de\/wp-content\/uploads\/sites\/3\/2026\/04\/3d-Druck-Fehler.jpeg\"><img loading=\"lazy\" decoding=\"async\" width=\"572\" height=\"1024\" src=\"https:\/\/www.3d-druck-erzgebirge.de\/wp-content\/uploads\/sites\/3\/2026\/04\/3d-Druck-Fehler-572x1024.jpeg\" alt=\"\" class=\"wp-image-1515 size-full\" srcset=\"https:\/\/www.3d-druck-erzgebirge.de\/wp-content\/uploads\/sites\/3\/2026\/04\/3d-Druck-Fehler-572x1024.jpeg 572w, https:\/\/www.3d-druck-erzgebirge.de\/wp-content\/uploads\/sites\/3\/2026\/04\/3d-Druck-Fehler-167x300.jpeg 167w, https:\/\/www.3d-druck-erzgebirge.de\/wp-content\/uploads\/sites\/3\/2026\/04\/3d-Druck-Fehler-600x1075.jpeg 600w, https:\/\/www.3d-druck-erzgebirge.de\/wp-content\/uploads\/sites\/3\/2026\/04\/3d-Druck-Fehler.jpeg 768w\" sizes=\"auto, (max-width: 572px) 100vw, 572px\" \/><\/a><\/figure><div class=\"wp-block-media-text__content\">\n<p>Diese \u00dcbersicht zeigt die h\u00e4ufigsten Fehler und welche L\u00f6sungsans\u00e4tze es gibt, um diese zu beheben.<\/p>\n<\/div><\/div>\n\n\n\n<div class=\"wp-block-media-text is-stacked-on-mobile\"><figure class=\"wp-block-media-text__media\"><img loading=\"lazy\" decoding=\"async\" width=\"800\" height=\"1340\" src=\"https:\/\/www.3d-druck-erzgebirge.de\/wp-content\/uploads\/sites\/3\/2026\/04\/17753770901243832145594020907658.png\" class=\"wp-image-1520 size-full\" srcset=\"https:\/\/www.3d-druck-erzgebirge.de\/wp-content\/uploads\/sites\/3\/2026\/04\/17753770901243832145594020907658.png 800w, https:\/\/www.3d-druck-erzgebirge.de\/wp-content\/uploads\/sites\/3\/2026\/04\/17753770901243832145594020907658-179x300.png 179w, https:\/\/www.3d-druck-erzgebirge.de\/wp-content\/uploads\/sites\/3\/2026\/04\/17753770901243832145594020907658-611x1024.png 611w, https:\/\/www.3d-druck-erzgebirge.de\/wp-content\/uploads\/sites\/3\/2026\/04\/17753770901243832145594020907658-768x1286.png 768w, https:\/\/www.3d-druck-erzgebirge.de\/wp-content\/uploads\/sites\/3\/2026\/04\/17753770901243832145594020907658-600x1005.png 600w\" sizes=\"auto, (max-width: 800px) 100vw, 800px\" \/><\/figure><div class=\"wp-block-media-text__content\">\n<p>Diese \u00dcbersicht zeigt die essentiellen Werkzeuge, welche f\u00fcr die Nachbearbeitung von gedruckten Teilen unerl\u00e4sslich sind.<\/p>\n<\/div><\/div>\n","protected":false},"excerpt":{"rendered":"<p>Hier befinden sie sich in unserem Downloadbereich. Hier werden immer wieder n\u00fctzliche und hilfreiche Dinge ver\u00f6ffentlicht, welche sie sich kostenfrei downloaden k\u00f6nnen. Dies ist eine \u00dcbersicht \u00fcber die g\u00e4ngigsten 3D-Druckmaterialen. Die Aufz\u00e4hlung ist nicht abschlie\u00dfend. Au\u00dferdem sollten f\u00fcr jedes Filament<\/p>\n","protected":false},"author":1,"featured_media":0,"parent":0,"menu_order":0,"comment_status":"closed","ping_status":"closed","template":"","meta":{"footnotes":""},"class_list":["post-1498","page","type-page","status-publish","hentry"],"_links":{"self":[{"href":"https:\/\/www.3d-druck-erzgebirge.de\/index.php?rest_route=\/wp\/v2\/pages\/1498","targetHints":{"allow":["GET"]}}],"collection":[{"href":"https:\/\/www.3d-druck-erzgebirge.de\/index.php?rest_route=\/wp\/v2\/pages"}],"about":[{"href":"https:\/\/www.3d-druck-erzgebirge.de\/index.php?rest_route=\/wp\/v2\/types\/page"}],"author":[{"embeddable":true,"href":"https:\/\/www.3d-druck-erzgebirge.de\/index.php?rest_route=\/wp\/v2\/users\/1"}],"replies":[{"embeddable":true,"href":"https:\/\/www.3d-druck-erzgebirge.de\/index.php?rest_route=%2Fwp%2Fv2%2Fcomments&post=1498"}],"version-history":[{"count":10,"href":"https:\/\/www.3d-druck-erzgebirge.de\/index.php?rest_route=\/wp\/v2\/pages\/1498\/revisions"}],"predecessor-version":[{"id":1521,"href":"https:\/\/www.3d-druck-erzgebirge.de\/index.php?rest_route=\/wp\/v2\/pages\/1498\/revisions\/1521"}],"wp:attachment":[{"href":"https:\/\/www.3d-druck-erzgebirge.de\/index.php?rest_route=%2Fwp%2Fv2%2Fmedia&parent=1498"}],"curies":[{"name":"wp","href":"https:\/\/api.w.org\/{rel}","templated":true}]}}